{"id":36,"date":"2020-10-24T18:16:11","date_gmt":"2020-10-24T18:16:11","guid":{"rendered":"http:\/\/observatorioambientaluagrm.org\/?page_id=36"},"modified":"2020-10-25T01:59:44","modified_gmt":"2020-10-25T01:59:44","slug":"redes_ambientales","status":"publish","type":"page","link":"https:\/\/observatorioambientaluagrm.net\/?page_id=36","title":{"rendered":"Redes Ambientales"},"content":{"rendered":"\n<h3 class=\"wp-block-heading\"><strong>AGUA Y JUVENTUD<\/strong><\/h3>\n\n\n\n<p>\u00abEl Movimiento Internacional Agua y Juventud surge de j\u00f3venes de numerosas organizaciones quienes han tomado la decisi\u00f3n de trabajar juntos en la construcci\u00f3n de una sociedad m\u00e1s equitativa y sustentable. Para lograr sus objetivos, se proponen ayudar a fortalecer las acciones locales que realizan millones de personas a lo largo del planeta en temas relacionados con el agua, e incidir en las pol\u00edticas p\u00fablicas que impactan en la gesti\u00f3n de este bien de todos.<\/p>\n\n\n\n<p>El primer paso en la estructuraci\u00f3n del Movimiento se dio del 12 al 14 de abril de 2007, en Buenos Aires, durante las \u00abPrimeras Jornadas Internacionales Agua y Juventud\u00bb, a las que convocaron alrededor de 300 organizaciones.<\/p>\n\n\n\n<p>Hoy, esta novedosa propuesta se encuentra estructurada o en formaci\u00f3n en alrededor de 50 pa\u00edses de \u00c1frica, Am\u00e9rica, Asia y Europa.\u00bb <\/p>\n\n\n\n<h3 class=\"wp-block-heading\"><strong>ARTICULACI\u00d3N REGIONAL AMAZONICA&nbsp;BOLIVA<\/strong><\/h3>\n\n\n\n<p>ARA es un espacio de articulaci\u00f3n de instituciones que intercambian experiencias y conocimientos para generar informaci\u00f3n, elaborar propuestas, incidir y actuar en procesos de conservaci\u00f3n y desarrollo de la Amazon\u00eda boliviana.<strong> Link: <\/strong><a rel=\"noreferrer noopener\" href=\"http:\/\/www.arabolivia.org\/\" target=\"_blank\">www.arabolivia.org<\/a><\/p>\n\n\n\n<h3 class=\"wp-block-heading\"><strong>GRUPO DE APOYO A LA BIOLOGIA<\/strong><\/h3>\n\n\n\n<p>El Grupo de Apoyo a la Biolog\u00eda, es un grupo organizado de personas con iniciativa y pasi\u00f3n por su profesi\u00f3n, la Biolog\u00eda. Estudiantes y profesionales, que apoyan el fortalecimiento de esta carrera, a fin de demostrar a la sociedad en general la importancia de la visi\u00f3n de conservaci\u00f3n del medio en el que vivimos para lograr el desarrollo sostenible, lo que a su vez se traduce en calidad de vida para todos.<\/p>\n\n\n\n<p><strong>\u00bfQU\u00c9 HACE EL GRUPO?<\/strong><\/p>\n\n\n\n<p>Como grupo de apoyo a la biolog\u00eda, buscamos realizar actividades que contribuyan a la formaci\u00f3n del bi\u00f3logo y al intercambio de informaci\u00f3n generada tanto entre la comunidad cient\u00edfica, as\u00ed como tambi\u00e9n con la sociedad en general. <\/p>\n\n\n\n<h3 class=\"wp-block-heading\"><strong>GUYRA -PARAGUAY<\/strong><\/h3>\n\n\n\n<p>Consolidar nuestro liderazgo, impulsar y coordinar acciones para la conservaci\u00f3n y uso sustentable de la diversidad biol\u00f3gica, con \u00e9nfasis en las aves, a trav\u00e9s de la promoci\u00f3n de pol\u00edticas p\u00fablicas adecuadas, la investigaci\u00f3n, la sensibilizaci\u00f3n, la participaci\u00f3n activa y responsable de la sociedad, y la conservaci\u00f3n de sitios y de sus procesos ecol\u00f3gicos.<strong> Link.: <\/strong><a rel=\"noreferrer noopener\" href=\"http:\/\/www.guyra.org.py\/\" target=\"_blank\">www.guyra.org.py<\/a><\/p>\n\n\n\n<h3 class=\"wp-block-heading\"><strong>IUCN- RED VIRTUAL DE \u00c1REAS PROTEGIDAS LATINOAMERICANAS<\/strong><\/h3>\n\n\n\n<p>Para inscribirse, env\u00ede un mensaje a: <a href=\"mailto:areasprotegidas@iucn.org\">areasprotegidas@iucn.org<\/a> Esta direcci\u00f3n electr\u00f3nica esta protegida contra spam bots. Necesita activar JavaScript para visualizarla, con la palabra SUSCRIBIR en el asunto del correo.<\/p>\n\n\n\n<p>La Red Virtual de \u00c1reas Protegidas Latinoamericanas es una iniciativa de la Oficina Regional para Am\u00e9rica del Sur de la UICN, que tiene como objetivos la divulgaci\u00f3n, el intercambio de experiencias e informaci\u00f3n, la coordinaci\u00f3n de acciones y la comunicaci\u00f3n entre personas e instituciones relacionadas con la gesti\u00f3n de \u00e1reas protegidas en Latinoam\u00e9rica.<\/p>\n\n\n\n<p>La red operar\u00e1 mediante correos electr\u00f3nicos; adem\u00e1s contar\u00e1 con un moderador que centralizar\u00e1 la informaci\u00f3n, las solicitudes y las novedades enviadas por los distintos integrantes de la red y los consolidar\u00e1 para informar semanalmente a trav\u00e9s de un n\u00famero peque\u00f1o de mensajes.<\/p>\n\n\n\n<p>Dos plataformas virtuales contendr\u00e1n la bibliograf\u00eda y algunos enlaces \u00fatiles que ser\u00e1n difundidos a trav\u00e9s de la red:<\/p>\n\n\n\n<ol class=\"wp-block-list\"><li>El Portal CES: <a rel=\"noreferrer noopener\" href=\"http:\/\/www.portalces.org%20\/\" target=\"_blank\">www.portalces.org<\/a><\/li><li>El Portal UICN-Sur, <a rel=\"noreferrer noopener\" href=\"https:\/\/www.iucn.org\/es\/\" target=\"_blank\">www.iucn.org<\/a><\/li><\/ol>\n\n\n\n<p><strong>\u00bfQui\u00e9n integrar\u00e1 esta red?<\/strong><\/p>\n\n\n\n<p>La Red Virtual de \u00c1reas Protegidas Latinoamericanas estar\u00e1 integrada por: secretar\u00eda, membres\u00eda y comisiones de expertos de la UICN; autoridades de \u00e1reas protegidas; guardaparques y t\u00e9cnicos de \u00e1reas protegidas; actores sociales relacionados al manejo de \u00e1reas protegidas; autoridades locales vinculadas a \u00e1reas protegidas; profesionales involucrados en la gesti\u00f3n de \u00e1reas protegidas; organizaciones no gubernamentales de desarrollo rural y de conservaci\u00f3n; oficiales de medio ambiente nacionales, de las embajadas y de la cooperaci\u00f3n internacional; organizaciones ind\u00edgenas; medios de comunicaci\u00f3n y otras redes relacionadas. <\/p>\n\n\n\n<h3 class=\"wp-block-heading\"><strong>LA-WET_NET &nbsp;&#8211; ARGENTINA<\/strong><\/h3>\n\n\n\n<p>La Red Argentina de Capacitaci\u00f3n y Fortalecimiento de la Gesti\u00f3n Integrada de los Recursos H\u00eddricos (Arg Cap-Net) es una red integrada por instituciones de Argentina que act\u00faan en relaci\u00f3n al desarrollo de capacidades para establecer y consolidar la Gesti\u00f3n Integrada de los Recursos H\u00eddricos (GIRH).<\/p>\n\n\n\n<p>Est\u00e1 asociada a la Red Internacional de Desarrollo de Capacidades para la GIRH (Cap-Net) y a la Red Latinoamericana de Desarrollo de Capacidades para la Gesti\u00f3n Integrada del Agua (LA-WETnet). <strong>Link: <\/strong><a rel=\"noreferrer noopener\" href=\"http:\/\/www.argcapnet.org.ar\/\" target=\"_blank\">www.argcapnet.org.ar<\/a><\/p>\n\n\n\n<h3 class=\"wp-block-heading\"><strong>LIGA DE MEDIO AMBIENTE<\/strong><\/h3>\n\n\n\n<p>LIDEMA es una red de instituciones dedicadas a promover el desarrollo sostenible del pa\u00eds, en base a pol\u00edticas de cambio de las modalidades insostenibles de producci\u00f3n, consumo y distribuci\u00f3n. Por lo tanto, orienta su accionar hacia el uso sostenible de los recursos naturales, a influenciar en las pol\u00edticas p\u00fablicas y las leyes, en el \u00e1mbito municipal, departamental y nacional, desde la perspectiva del desarrollo sostenible, formulando propuestas basadas en su experiencia institucional nacional, y en el permanente an\u00e1lisis de c\u00f3mo la situaci\u00f3n socioambiental es afectada por los procesos sociales y econ\u00f3micos nacionales e internacionales.<\/p>\n\n\n\n<p>LIDEMA apuesta a ser el interlocutor m\u00e1s importante entre el Estado y la sociedad civil, en temas de desarrollo sostenible, gracias a la capacidad t\u00e9cnica y cient\u00edfica adquirida por sus instituciones miembro. Se reafirma en su papel generador, promotor y difusor de nuevas ideas y propuestas, basado en su larga trayectoria y experiencia institucional, a nivel local, departamental y nacional. <strong>Link: <\/strong><a rel=\"noreferrer noopener\" href=\"https:\/\/www.lidema.org.bo\/\" target=\"_blank\">www.lidema.org.bo<\/a><\/p>\n\n\n\n<h3 class=\"wp-block-heading\"><strong>PROTEGER &#8211;&nbsp; ARGENTINA<\/strong><\/h3>\n\n\n\n<p>Creada en Santa Fe, Argentina, el 16 de octubre de 1991, la Fundaci\u00f3n PROTEGER re\u00fane a ambientalistas con m\u00e1s de 20 a\u00f1os de trayectoria y un Consejo Cient\u00edfico Asesor de reconocidas personalidades. Dos de sus fundadores recibieron el Premio Global 500 de Naciones Unidas.<\/p>\n\n\n\n<p>PROTEGER es miembro de la Uni\u00f3n Mundial para la Naturaleza (UICN), de la Alianza del Sistema Paraguay-Paran\u00e1, de la Red de Comunidades de Pescadores Artesanales para el Desarrollo Sostenible (RECOPADES) y de la Waterkeeper Alliance (WKA), entre otras coaliciones y redes internacionales. Integrantes de PROTEGER trabajan en la defensa de los r\u00edos, los humedales, la pesca fluvial y el seguimiento de megaproyectos desde los a\u00f1os \u201980.<\/p>\n\n\n\n<p>PROTEGER particip\u00f3 en el proceso de la Comisi\u00f3n Mundial de Represas (WCD), creada a instancias del Banco Mundial y la UICN. Tambi\u00e9n en la COP7 de la Convenci\u00f3n de Ramsar, Costa Rica 1999, en la Ramsar COP8, Valencia 2002 y en la Ramsar COP9, Uganda 2005. Desde abril de 1999 PROTEGER coordina el \u00abProyecto Pesca Fluvial y Humedales\u00bb, iniciado con el apoyo de Both ENDS, Holanda. En 2003 y 2004 contribuy\u00f3 a la designaci\u00f3n del Sitio Ramsar Humedales Chaco.<\/p>\n\n\n\n<p>Actualmente promueve la iniciativa Corredor de Humedales del Litoral Fluvial de la Argentina, lanzada con el apoyo de la Convenci\u00f3n Ramsar, WWF-Living Waters Programme, Wetlands International y el Comit\u00e9 Holand\u00e9s de la UICN.<\/p>\n\n\n<style>.wp-block-kadence-advancedheading.kt-adv-heading_b1140d-1a, .wp-block-kadence-advancedheading.kt-adv-heading_b1140d-1a[data-kb-block=\"kb-adv-heading_b1140d-1a\"]{font-style:normal;}.wp-block-kadence-advancedheading.kt-adv-heading_b1140d-1a mark.kt-highlight, .wp-block-kadence-advancedheading.kt-adv-heading_b1140d-1a[data-kb-block=\"kb-adv-heading_b1140d-1a\"] mark.kt-highlight{font-style:normal;color:#f76a0c;-webkit-box-decoration-break:clone;box-decoration-break:clone;padding-top:0px;padding-right:0px;padding-bottom:0px;padding-left:0px;}.wp-block-kadence-advancedheading.kt-adv-heading_b1140d-1a img.kb-inline-image, .wp-block-kadence-advancedheading.kt-adv-heading_b1140d-1a[data-kb-block=\"kb-adv-heading_b1140d-1a\"] img.kb-inline-image{width:150px;vertical-align:baseline;}<\/style>\n<h3 id=\"kt-adv-heading_b1140d-1a\" class=\"kt-adv-heading_b1140d-1a wp-block-kadence-advancedheading\"><strong>RED DE DESARROLLO SOSTENIBLE Y MEDIO AMBIENTE &#8211; BOLIVIA<\/strong><\/h3>\n\n\n\n<p>La Red de Desarrollo Sostenible y Medio Ambiente (REDESMA), es un proyecto impulsado por el Centro Boliviano de Estudios Multidisciplinarios (CEBEM). Esta Red viene trabajando continuamente desde 1999, proporcionando un servicio gratuito de boletines informativos quincenales, una Revista Virtual y un portal informativo a usuarios de Bolivia, Latinoam\u00e9rica y el resto del mundo. Durante estos a\u00f1os, el trabajo de REDESMA cont\u00f3 con el apoyo de agencias de cooperaci\u00f3n internacional e instituciones tanto nacionales como internacionales. Esperamos que usted encuentre satisfacci\u00f3n personal al saber que ha contribuido directamente con este esfuerzo para mantener a m\u00e1s de 130,000 usuarios informados sobre la actualidad en medio ambiente y desarrollo sostenible. <strong>Link.: <\/strong><a href=\"http:\/\/www.redesma.org\/index.php\" target=\"_blank\" rel=\"noreferrer noopener\">www.redesma.org<\/a><\/p>\n\n\n\n<h3 class=\"wp-block-heading\"><strong>RED NUEVA CULTURA DEL AGUA BOLIVIA<\/strong><\/h3>\n\n\n\n<p>La \u201cRed Boliviana por una Nueva Cultura del Agua\u201d promover una nueva cultura del agua que genere propuestas que fortalezcan las pol\u00edticas h\u00eddricas y su implementaci\u00f3n, orientada a una gesti\u00f3n sostenible de los recursos naturales. <\/p>\n\n\n<style>.wp-block-kadence-advancedheading.kt-adv-heading_9c93ba-a4, .wp-block-kadence-advancedheading.kt-adv-heading_9c93ba-a4[data-kb-block=\"kb-adv-heading_9c93ba-a4\"]{font-style:normal;}.wp-block-kadence-advancedheading.kt-adv-heading_9c93ba-a4 mark.kt-highlight, .wp-block-kadence-advancedheading.kt-adv-heading_9c93ba-a4[data-kb-block=\"kb-adv-heading_9c93ba-a4\"] mark.kt-highlight{font-style:normal;color:#f76a0c;-webkit-box-decoration-break:clone;box-decoration-break:clone;padding-top:0px;padding-right:0px;padding-bottom:0px;padding-left:0px;}.wp-block-kadence-advancedheading.kt-adv-heading_9c93ba-a4 img.kb-inline-image, .wp-block-kadence-advancedheading.kt-adv-heading_9c93ba-a4[data-kb-block=\"kb-adv-heading_9c93ba-a4\"] img.kb-inline-image{width:150px;vertical-align:baseline;}<\/style>\n<h3 id=\"kt-adv-heading_9c93ba-a4\" class=\"kt-adv-heading_9c93ba-a4 wp-block-kadence-advancedheading\"><strong>RED DE EDUCADORES Y PROFESIONALES DE LA CONSERVACI\u00d3N (REPC)<\/strong><\/h3>\n\n\n\n<p>La REPC apunta a:<\/p>\n\n\n\n<ul class=\"wp-block-list\"><li>Conectar a los profesionales que trabajan en la conservaci\u00f3n de la biodiversidad con aquellos que la ense\u00f1an;<\/li><li>Desarrollar y difundir recursos educativos abiertos sobre la conservaci\u00f3n de la diversidad biol\u00f3gica y cultural;<\/li><li>A trav\u00e9s de talleres de capacitaci\u00f3n, fomentar una ense\u00f1anza activa para que el aprendizaje en el aula simule la conservaci\u00f3n el la pr\u00e1ctica.<\/li><\/ul>\n\n\n\n<p>Qui\u00e9n?<\/p>\n\n\n\n<p>La REPC viene trabajando desde 1999 en Bolivia. Sus principales contactos son docentes universitarios de la UMSA en La Paz, UMSS en Cochabamba y UAGRM en Santa Cruz y la coordinaci\u00f3n a nivel nacional la realiza la Lic. Claudia Cortez. En una primera fase de actividades se generaron m\u00f3dulos para la audiencia boliviana y se estableci\u00f3 el directorio de la REPC Bolivia, conformado por 3 representantes de cada una de estas universidades, encargados a su vez de un comit\u00e9 de trabajo (Difusi\u00f3n, Edici\u00f3n y Fondos). Eventualmente comenzamos a trabajar tambi\u00e9n con profesionales de AP, de tal manera que algunas personas de esta esfera tambi\u00e9n se han incorporado al directorio. Esto nos ha permitido alcanzar diferentes audiencias donde los m\u00f3dulos han sido empleados.<br>Durante los \u00faltimos tres a\u00f1os nos hemos dedicado a la elaboraci\u00f3n de 10 m\u00f3dulos binacionales con Per\u00fa, funcionales para ambos pa\u00edses, que estar\u00e1n disponibles en los pr\u00f3ximos meses.<\/p>\n\n\n\n<p>Actualmente estamos iniciando una nueva fase del proyecto por 3 a\u00f1os, que tendr\u00e1 un nuevo desaf\u00edo, dado que la intenci\u00f3n no es solo continuar con la producci\u00f3n de m\u00f3dulos, si no trabajar m\u00e1s en que estos realmente se empleen por las diferentes instancias acad\u00e9micas. Adem\u00e1s se van a apoyar cursos con componentes de campo dirigidos por docentes y profesionales de AP. Tenemos planeado incluir en esta nueva fase a universidades privadas como la Universidad Tecnol\u00f3gica Boliviana, Universidad NUR y Universidad Cat\u00f3lica Boliviana, y otras universidades estatales como la Universidad Mayor, Real y Pontificia de San Francisco Xavier de Chuquisaca.<br><br>\u00bfCu\u00e1ndo?<\/p>\n\n\n\n<p>La REPC est\u00e1 dise\u00f1ada para ser una iniciativa global, donde educadores y capacitadores en cualquier lugar del mundo pueden participar en cualquier momento, simplemente al descargar los materiales a trav\u00e9s de Internet. M\u00e1s de 2000 individuos se han registrado en nuestra p\u00e1gina de internet, y nuestros usuarios descargan aproximadamente 1,032 componentes por mes.<br>Nuestros talleres cumplen diferentes objetivos. Algunos son para revisar y adaptar m\u00f3dulos ya existentes al contexto del pa\u00eds particular. Otros talleres facilitan la producci\u00f3n de nuevos m\u00f3dulos o presentan nuevos m\u00f3dulos para discusi\u00f3n y evaluaci\u00f3n en conjunto con otros docentes. Finalmente, algunos talleres se enfocan en el uso de los m\u00f3dulos y en particular en c\u00f3mo los principios de la ense\u00f1anza y aprendizaje activos que son parte de la estructura y el contenido del los m\u00f3dulos, pueden ser usados con mayor efectividad en el sal\u00f3n de clases para mejorar la ense\u00f1anza de temas de conservaci\u00f3n. Desde 2001, el CBC y sus colaboradores han realizado m\u00e1s de 70 talleres de la REPC en diez pa\u00edses, alcanzando a m\u00e1s de 1500 profesores, profesionales y estudiantes. A lo largo de los pr\u00f3ximos tres a\u00f1os se estar\u00e1n realizando varios talleres y cursos en Bolivia y Per\u00fa, comenzando en el mes de julio del 2009.<\/p>\n\n\n\n<p>Tambi\u00e9n estaremos apoyando la creaci\u00f3n de 2 cursos organizados de forma colaborativa por un docente universitario y un profesional trabajando en \u00e1reas protegidas, y estos tendr\u00e1n un componente en campo en \u00e1reas protegidas del norte del pa\u00eds.<\/p>\n\n\n\n<h3 class=\"wp-block-heading\"><strong>RED LATINA DE INFORMACI\u00d3N VIRTUAL EN AGUA SEGURA, HIGIENE Y SANEAMIENTO WASH<\/strong><\/h3>\n\n\n\n<p>El Agua, la Higiene y el Saneamiento, son temas cada vez mas importante en la vida de la poblaci\u00f3n de Latinoamerica y el Caribe. Sin embargo, elevar el nivel de conciencia en la poblaci\u00f3n sobre la problem\u00e1tica actual sobre estos temas, es el primer paso que debemos enfrentar las organizaciones y redes, para buscar soluciones duraderas.<\/p>\n\n\n\n<p>En la Regi\u00f3n existen varias Redes importantes que trabajan en Agua Segura, Higiene y Saneamiento (WASH) pero de manera aislada e independiente, y los problemas en el sector aun persisten&#8230;<\/p>\n\n\n\n<p>Necesitamos tener resultados diferentes al pasado, la alternativa es juntar esfuerzo y unir las Redes en beneficio de la poblaci\u00f3n Latinoamericana y del Caribe.<\/p>\n\n\n\n<h3 class=\"wp-block-heading\"><strong>SEO\/BIRDLIFE<\/strong><\/h3>\n\n\n\n<p>SEO\/BirdLife es&nbsp;la <strong>Sociedad Espa\u00f1ola<\/strong><strong> de Ornitolog\u00eda<\/strong>, una asociaci\u00f3n cient\u00edfica y conservacionista fundada en 1954&nbsp;dedicada al estudio y la&nbsp;conservaci\u00f3n de las aves y de la naturaleza. Es por lo tanto la decana de las ONG de conservaci\u00f3n de la naturaleza en Espa\u00f1a, con m\u00e1s de 50 a\u00f1os de actividad ininterrumpida.&nbsp;Est\u00e1 declarada de Utilidad P\u00fablica y ha recibido, entre muchos otros, el Premio Nacional de Medio Ambiente (1994) y el Premio BBVA a la conservaci\u00f3n de la biodiversidad (2004).<\/p>\n\n\n\n<p>SEO\/BirdLife considera que la conservaci\u00f3n de las aves y de su entorno precisa tanto el esfuerzo del aficionado como el rigor del experto cient\u00edfico. Por eso tratamos de que se interesen por las aves el mayor n\u00famero de personas posible, al mismo tiempo que desarrollamos proyectos de investigaci\u00f3n para conocer en qu\u00e9 estado se encuentra la avifauna de nuestro pa\u00eds. M\u00e1s de&nbsp;<strong>once mil socios<\/strong> respaldan hoy nuestra labor y colaboran de diversas maneras con la Sociedad.&nbsp;Una sede central en Madrid, ocho <strong>delegaciones <\/strong>y&nbsp;32 <strong>grupos locales<\/strong> en m\u00e1s de treinta provincias realizan multitud de actividades.<\/p>\n\n\n\n<p>SEO\/BirdLife es la organizaci\u00f3n representante de <strong><a rel=\"noreferrer noopener\" href=\"http:\/\/www.birdlife.net\/\" target=\"_blank\">www.BirdLife International <\/a><\/strong>en Espa\u00f1a, una federaci\u00f3n que agrupa las asociaciones dedicadas a la conservaci\u00f3n de las aves de todo el mundo y que tiene representaci\u00f3n en m\u00e1s de cien pa\u00edses. <strong>Link: <\/strong><a href=\"http:\/\/www.seo.org\/\" target=\"_blank\" rel=\"noreferrer noopener\">www.seo.org<\/a><\/p>\n\n\n\n<h3 class=\"wp-block-heading\"><strong>SINERGIA CP &#8211; BRASIL<\/strong><\/h3>\n\n\n\n<p>Comprometer a la ciencia y a la sociedad con los desaf\u00edos de la gesti\u00f3n de los recursos h\u00eddricos en el siglo XXI y en el contexto del calentamiento global en el Pantanal y en la Cuenca del R\u00edo Paraguay.<\/p>\n\n\n\n<p>Producir nuevos conocimientos t\u00e9cnicos y cient\u00edficos, capacitar a individuos motivados a alto nivel, con el objetivo de proponer pol\u00edticas p\u00fablicas para el desarrollo sostenible de la cuenca del Pantanal y promover la cooperaci\u00f3n e intercambios de informaci\u00f3n con instituciones trabajando en regiones ecol\u00f3gicamente similares alrededor del mundo.<\/p>\n\n\n\n<p>SINERGIA es un anagrama que significa: <strong>S<\/strong>istema <strong>In<\/strong>ternacional de <strong>E<\/strong>studios sobre <em>R<\/em>ecursos h\u00eddricos y <strong>G<\/strong>erenciamiento de <strong>I<\/strong>mpactos debido al Calentamiento global (la palabra en portugu\u00e9s es <strong>A<\/strong>quecimento, de ah\u00ed la A del anagrama SINERGIA) en la cuenca del Paraguay. La visi\u00f3n de este sistema es una red internacional de instituciones de estudios y de cient\u00edficos brasile\u00f1os, argentinos, bolivianos y paraguayos que mantienen un di\u00e1logo abierto con las fuerzas vivas de la sociedad: gobiernos, productores, proveedores de servicios, ONG socio ambientales, asociaciones de clase, comunidades. As\u00ed el objetivo de SINERGIA es doble: primero utilizar el conocimiento cient\u00edfico para generar escenarios de la evoluci\u00f3n de los recursos h\u00eddricos en la cuenca transfronteriza del Paraguay, con enfoque en la regi\u00f3n del Pantanal en el contexto del calentamiento global. A continuaci\u00f3n, discutir estos escenarios con la sociedad para producir proposiciones de medidas de adaptaci\u00f3n y mitigaci\u00f3n arm\u00f3nica entre los pa\u00edses que comparten la cuenca. <\/p>\n\n\n\n<h3 class=\"wp-block-heading\"><strong>WWF<\/strong><\/h3>\n\n\n\n<p>WWF ha apoyado proyectos en Bolivia desde 1970. En 1993 estableci\u00f3 una oficina en Santa Cruz de la Sierra que apoya y dirige su trabajo de conservaci\u00f3n al Pantanal y la Amazon\u00eda bolivianos. WWF Bolivia cuenta con oficinas locales en Trinidad (Amazon\u00eda) y Puerto Quijarro (Pantanal). Actualmente, la oficina de programa de Bolivia implementa tres programas: Amazon\u00eda, Forestal y Pantanal. <strong>Link: <\/strong><a rel=\"noreferrer noopener\" href=\"https:\/\/www.wwf.org.bo\/\" target=\"_blank\">www.bolivia.panda.org<\/a><\/p>\n ","protected":false},"excerpt":{"rendered":"<p>AGUA Y JUVENTUD \u00abEl Movimiento Internacional Agua y Juventud surge de j\u00f3venes de numerosas organizaciones quienes han tomado la decisi\u00f3n de trabajar juntos en la construcci\u00f3n de una sociedad m\u00e1s equitativa y sustentable. Para lograr sus objetivos, se proponen ayudar &hellip; <a href=\"https:\/\/observatorioambientaluagrm.net\/?page_id=36\">Continuar<\/a><\/p>\n","protected":false},"author":4,"featured_media":5,"parent":0,"menu_order":0,"comment_status":"closed","ping_status":"closed","template":"","meta":{"kt_blocks_editor_width":"","footnotes":""},"class_list":["post-36","page","type-page","status-publish","has-post-thumbnail","hentry"],"_links":{"self":[{"href":"https:\/\/observatorioambientaluagrm.net\/index.php?rest_route=\/wp\/v2\/pages\/36","targetHints":{"allow":["GET"]}}],"collection":[{"href":"https:\/\/observatorioambientaluagrm.net\/index.php?rest_route=\/wp\/v2\/pages"}],"about":[{"href":"https:\/\/observatorioambientaluagrm.net\/index.php?rest_route=\/wp\/v2\/types\/page"}],"author":[{"embeddable":true,"href":"https:\/\/observatorioambientaluagrm.net\/index.php?rest_route=\/wp\/v2\/users\/4"}],"replies":[{"embeddable":true,"href":"https:\/\/observatorioambientaluagrm.net\/index.php?rest_route=%2Fwp%2Fv2%2Fcomments&post=36"}],"version-history":[{"count":5,"href":"https:\/\/observatorioambientaluagrm.net\/index.php?rest_route=\/wp\/v2\/pages\/36\/revisions"}],"predecessor-version":[{"id":961,"href":"https:\/\/observatorioambientaluagrm.net\/index.php?rest_route=\/wp\/v2\/pages\/36\/revisions\/961"}],"wp:featuredmedia":[{"embeddable":true,"href":"https:\/\/observatorioambientaluagrm.net\/index.php?rest_route=\/wp\/v2\/media\/5"}],"wp:attachment":[{"href":"https:\/\/observatorioambientaluagrm.net\/index.php?rest_route=%2Fwp%2Fv2%2Fmedia&parent=36"}],"curies":[{"name":"wp","href":"https:\/\/api.w.org\/{rel}","templated":true}]}}