{"id":6,"date":"2020-10-24T04:27:45","date_gmt":"2020-10-24T04:27:45","guid":{"rendered":"http:\/\/observatorioambientaluagrm.org\/?page_id=6"},"modified":"2020-11-20T22:56:58","modified_gmt":"2020-11-20T22:56:58","slug":"quienes_somos","status":"publish","type":"page","link":"https:\/\/observatorioambientaluagrm.net\/?page_id=6","title":{"rendered":"Qui\u00e9nes somos"},"content":{"rendered":"<style>.wp-block-kadence-advancedheading.kt-adv-heading_186419-50, .wp-block-kadence-advancedheading.kt-adv-heading_186419-50[data-kb-block=\"kb-adv-heading_186419-50\"]{font-style:normal;}.wp-block-kadence-advancedheading.kt-adv-heading_186419-50 mark.kt-highlight, .wp-block-kadence-advancedheading.kt-adv-heading_186419-50[data-kb-block=\"kb-adv-heading_186419-50\"] mark.kt-highlight{font-style:normal;color:#f76a0c;-webkit-box-decoration-break:clone;box-decoration-break:clone;padding-top:0px;padding-right:0px;padding-bottom:0px;padding-left:0px;}.wp-block-kadence-advancedheading.kt-adv-heading_186419-50 img.kb-inline-image, .wp-block-kadence-advancedheading.kt-adv-heading_186419-50[data-kb-block=\"kb-adv-heading_186419-50\"] img.kb-inline-image{width:150px;vertical-align:baseline;}<\/style>\n<h3 id=\"kt-adv-heading_186419-50\" class=\"kt-adv-heading_186419-50 wp-block-kadence-advancedheading\"><strong>Antecedentes<\/strong><\/h3>\n\n\n\n<p>En el Departamento de Santa Cruz &nbsp;y en el pa\u00eds se han desarrollado una serie de mega proyectos que est\u00e1n impulsado el crecimiento econ\u00f3mico y en algunos casos problem\u00e1ticas ambientales que es necesario analizar.<\/p>\n\n\n\n<p>La frontera agr\u00edcola aument\u00f3 de manera considerable y se han desarrollado proyectos de construcci\u00f3n de gasoductos, carreteras e impulso de actividades industriales.<\/p>\n\n\n\n<p>Como consecuencia de la implementaci\u00f3n de estos proyectos y de la pol\u00edtica econ\u00f3mica desarrollada por la regi\u00f3n se ha incrementado la poblaci\u00f3n en diferentes municipios del departamento de Santa Cruz.<\/p>\n\n\n\n<p>Con este fin es necesario que la sociedad y el sector acad\u00e9mico conozcan el avance del cumplimiento o no de la legislaci\u00f3n ambiental, investigaciones espec\u00edficas y actividades y\/o proyectos que se desarrollan en la gesti\u00f3n ambiental.<\/p>\n\n\n\n<p>El Observatorio Ambiental inicia sus actividades en septiembre de 2009 bajo la direcci\u00f3n del Lic. Arturo Moscoso Villacorta y el apoyo de la Direcci\u00f3n Universitaria de Extensi\u00f3n DUE con el fin de fortalecer a la nueva carrera de Ciencias Ambientales y potenciar los mecanismos institucionales de la facultad de Ciencias Agr\u00edcolas de la UAGRM con la sociedad.<\/p>\n\n\n\n<p>La p\u00e1gina web fue presentada el 16 de septiembre de 2010.<\/p>\n\n\n<style>.wp-block-kadence-advancedheading.kt-adv-heading_112fb7-5b, .wp-block-kadence-advancedheading.kt-adv-heading_112fb7-5b[data-kb-block=\"kb-adv-heading_112fb7-5b\"]{font-style:normal;}.wp-block-kadence-advancedheading.kt-adv-heading_112fb7-5b mark.kt-highlight, .wp-block-kadence-advancedheading.kt-adv-heading_112fb7-5b[data-kb-block=\"kb-adv-heading_112fb7-5b\"] mark.kt-highlight{font-style:normal;color:#f76a0c;-webkit-box-decoration-break:clone;box-decoration-break:clone;padding-top:0px;padding-right:0px;padding-bottom:0px;padding-left:0px;}.wp-block-kadence-advancedheading.kt-adv-heading_112fb7-5b img.kb-inline-image, .wp-block-kadence-advancedheading.kt-adv-heading_112fb7-5b[data-kb-block=\"kb-adv-heading_112fb7-5b\"] img.kb-inline-image{width:150px;vertical-align:baseline;}<\/style>\n<h3 id=\"kt-adv-heading_112fb7-5b\" class=\"kt-adv-heading_112fb7-5b wp-block-kadence-advancedheading\"><strong>Objetivos<\/strong><\/h3>\n\n\n\n<ul class=\"wp-block-list\"><li>Implementar una base de datos sobre el estado ambiental en Bolivia con \u00e9nfasis en el&nbsp; Departamento de Santa Cruz para los Municipios o actores productivos.<\/li><li>Prestar y hacer conocer a la sociedad el seguimiento de iniciativas y\/o problem\u00e1ticas ambientales priorizadas que se desarrollan en el Departamento de Santa Cruz.<\/li><li>Aportar en las estrategias de &nbsp;investigaci\u00f3n y extensi\u00f3n para que los profesionales puedan responder a los retos de la sociedad en relaci\u00f3n al manejo de nuestros recursos naturales.<\/li><li>Hacer conocer los instrumentos e investigaciones del \u00e1rea ambiental para la formaci\u00f3n de recursos humanos en el \u00e1rea profesional.<\/li><\/ul>\n\n\n<style>.wp-block-kadence-advancedheading.kt-adv-heading_8d5211-ba, .wp-block-kadence-advancedheading.kt-adv-heading_8d5211-ba[data-kb-block=\"kb-adv-heading_8d5211-ba\"]{font-style:normal;}.wp-block-kadence-advancedheading.kt-adv-heading_8d5211-ba mark.kt-highlight, .wp-block-kadence-advancedheading.kt-adv-heading_8d5211-ba[data-kb-block=\"kb-adv-heading_8d5211-ba\"] mark.kt-highlight{font-style:normal;color:#f76a0c;-webkit-box-decoration-break:clone;box-decoration-break:clone;padding-top:0px;padding-right:0px;padding-bottom:0px;padding-left:0px;}.wp-block-kadence-advancedheading.kt-adv-heading_8d5211-ba img.kb-inline-image, .wp-block-kadence-advancedheading.kt-adv-heading_8d5211-ba[data-kb-block=\"kb-adv-heading_8d5211-ba\"] img.kb-inline-image{width:150px;vertical-align:baseline;}<\/style>\n<h3 id=\"kt-adv-heading_8d5211-ba\" class=\"kt-adv-heading_8d5211-ba wp-block-kadence-advancedheading\"><strong>Tem\u00e1ticas espec\u00edficas<\/strong><\/h3>\n\n\n\n<ul class=\"wp-block-list\"><li>Seguimiento a Pol\u00edticas de Agua.<\/li><li>Estado de los Humedales y pol\u00edticas de RAMSAR.<\/li><li>Seguimiento a la Gesti\u00f3n de \u00c1reas Protegidas.<\/li><li>Gesti\u00f3n de residuos s\u00f3lidos en el Departamento de Santa Cruz.<\/li><li>Cambios clim\u00e1ticos y repercusiones en Bolivia.<\/li><li>Gesti\u00f3n Ambiental y adecuaci\u00f3n de la legislaci\u00f3n ambiental.<\/li><li>Focos de calor y agrometeorolog\u00eda<\/li><li>Gesti\u00f3n de la Biodiversidad.<\/li><li>Noticias, archivos , videos, agenda ambiental, enlaces institucionales ambientalistas.<\/li><\/ul>\n\n\n<style>.wp-block-kadence-advancedheading.kt-adv-heading_9a23c1-32, .wp-block-kadence-advancedheading.kt-adv-heading_9a23c1-32[data-kb-block=\"kb-adv-heading_9a23c1-32\"]{font-style:normal;}.wp-block-kadence-advancedheading.kt-adv-heading_9a23c1-32 mark.kt-highlight, .wp-block-kadence-advancedheading.kt-adv-heading_9a23c1-32[data-kb-block=\"kb-adv-heading_9a23c1-32\"] mark.kt-highlight{font-style:normal;color:#f76a0c;-webkit-box-decoration-break:clone;box-decoration-break:clone;padding-top:0px;padding-right:0px;padding-bottom:0px;padding-left:0px;}.wp-block-kadence-advancedheading.kt-adv-heading_9a23c1-32 img.kb-inline-image, .wp-block-kadence-advancedheading.kt-adv-heading_9a23c1-32[data-kb-block=\"kb-adv-heading_9a23c1-32\"] img.kb-inline-image{width:150px;vertical-align:baseline;}<\/style>\n<h3 id=\"kt-adv-heading_9a23c1-32\" class=\"kt-adv-heading_9a23c1-32 wp-block-kadence-advancedheading\">Ubicaci\u00f3n<\/h3>\n\n\n\n<iframe loading=\"lazy\" src=\"https:\/\/www.google.com\/maps\/embed?pb=!1m18!1m12!1m3!1d4835.362951931422!2d-63.1473649705916!3d-17.69834267722775!2m3!1f0!2f0!3f0!3m2!1i1024!2i768!4f13.1!3m3!1m2!1s0x0%3A0xeec7d3e2561ea889!2sFacultad%20de%20Ciencias%20Agr%C3%ADcolas%20-%20UAGRM!5e1!3m2!1ses-419!2sbo!4v1603583794958!5m2!1ses-419!2sbo\" style=\"border:0;\" allowfullscreen=\"\" aria-hidden=\"false\" tabindex=\"0\" width=\"100%\" height=\"450\" frameborder=\"0\"><\/iframe>\n\n\n\n<figure class=\"wp-block-table\"><table><tbody><tr><td>El observatorio ambiental se encuentra ubicadoo en las instalaciones de la Facultad de Ciencias Agr\u00edcola ubicado en el km 9 carretera al norte, Santa Cruz &#8211; Bolivia, bajo el manejo administrativo de la Carrera de Ciencias Ambientales.<\/td><\/tr><\/tbody><\/table><\/figure>\n\n\n<style>.wp-block-kadence-advancedheading.kt-adv-heading_3e074b-89, .wp-block-kadence-advancedheading.kt-adv-heading_3e074b-89[data-kb-block=\"kb-adv-heading_3e074b-89\"]{font-style:normal;}.wp-block-kadence-advancedheading.kt-adv-heading_3e074b-89 mark.kt-highlight, .wp-block-kadence-advancedheading.kt-adv-heading_3e074b-89[data-kb-block=\"kb-adv-heading_3e074b-89\"] mark.kt-highlight{font-style:normal;color:#f76a0c;-webkit-box-decoration-break:clone;box-decoration-break:clone;padding-top:0px;padding-right:0px;padding-bottom:0px;padding-left:0px;}.wp-block-kadence-advancedheading.kt-adv-heading_3e074b-89 img.kb-inline-image, .wp-block-kadence-advancedheading.kt-adv-heading_3e074b-89[data-kb-block=\"kb-adv-heading_3e074b-89\"] img.kb-inline-image{width:150px;vertical-align:baseline;}<\/style>\n<h3 id=\"kt-adv-heading_3e074b-89\" class=\"kt-adv-heading_3e074b-89 wp-block-kadence-advancedheading\"><strong>Organizaci\u00f3n<\/strong><\/h3>\n\n\n\n<figure class=\"wp-block-table\"><table><tbody><tr><td><strong>Arturo Moscoso<\/strong> Director<\/td><\/tr><tr><td><strong>COLABORADORES<\/strong><\/td><\/tr><tr><td>Docente: Aldo Centuri\u00f3n&nbsp;&nbsp;&nbsp;&nbsp;&nbsp;&nbsp;&nbsp;&nbsp;&nbsp;&nbsp;&nbsp;&nbsp;&nbsp;&nbsp;&nbsp;&nbsp;&nbsp; Proyecto: Extensi\u00f3n<\/td><\/tr><tr><td>Docente:&nbsp; Ana Quevedo&nbsp;&nbsp;&nbsp;&nbsp;&nbsp;&nbsp;&nbsp;&nbsp;&nbsp;&nbsp;&nbsp;&nbsp;&nbsp;&nbsp;&nbsp;&nbsp;&nbsp;&nbsp; Proyecto:&nbsp; Responsable del Laboratorio de Bot\u00e1nica<\/td><\/tr><tr><td>Docente:&nbsp; Eduardo Sandoval&nbsp;&nbsp;&nbsp;&nbsp;&nbsp;&nbsp;&nbsp;&nbsp;&nbsp;&nbsp;&nbsp;&nbsp; Proyecto: Investigaciones Forestales<\/td><\/tr><tr><td>Docente: Gladys Aguilera&nbsp;&nbsp;&nbsp;&nbsp;&nbsp;&nbsp;&nbsp;&nbsp;&nbsp;&nbsp;&nbsp;&nbsp;&nbsp;&nbsp;&nbsp;&nbsp; Proyecto:Red de Educadores y Profesionales de la Conservaci\u00f3n<\/td><\/tr><tr><td>Docente: Ingrid Morales&nbsp;&nbsp;&nbsp;&nbsp;&nbsp;&nbsp;&nbsp;&nbsp;&nbsp;&nbsp;&nbsp;&nbsp;&nbsp;&nbsp;&nbsp;&nbsp;&nbsp; Proyecto: Laboratorio de Biotecnologia &#8211; BIOFAN<\/td><\/tr><tr><td>Docente: Linconl Quevedo&nbsp;&nbsp;&nbsp;&nbsp;&nbsp;&nbsp;&nbsp;&nbsp;&nbsp;&nbsp;&nbsp;&nbsp; &nbsp; Proyecto: Centro de Investigaci\u00f3n y Manejo de Recursos Naturales<\/td><\/tr><tr><td>Docente: Mercy L\u00f3pez M.&nbsp;&nbsp;&nbsp;&nbsp;&nbsp;&nbsp;&nbsp;&nbsp;&nbsp;&nbsp;&nbsp;&nbsp;&nbsp;&nbsp; &nbsp; Proyecto:&nbsp; Coordinadora de Bot\u00e1nica<\/td><\/tr><tr><td>Docente: Patricia Herrera&nbsp;&nbsp;&nbsp;&nbsp;&nbsp;&nbsp;&nbsp;&nbsp;&nbsp;&nbsp;&nbsp;&nbsp;&nbsp;&nbsp;&nbsp;&nbsp; Museo de Historia Natural Noel Kempff Mercado<\/td><\/tr><tr><td>Docente: Milenka Velasco&nbsp;&nbsp;&nbsp;&nbsp;&nbsp;&nbsp;&nbsp;&nbsp;&nbsp;&nbsp;&nbsp;&nbsp;&nbsp;&nbsp; Laboratorio de Microbiolog\u00eda Ambiental &#8211; F.C.A. &#8211; U.A.G.RM.<\/td><\/tr><tr><td>Docente: Paola Parra&nbsp;&nbsp;&nbsp;&nbsp;&nbsp;&nbsp;&nbsp;&nbsp;&nbsp;&nbsp;&nbsp;&nbsp;&nbsp;&nbsp;&nbsp;&nbsp;&nbsp;&nbsp;&nbsp;&nbsp;&nbsp;&nbsp; Proyecto: Ecominga<\/td><\/tr><tr><td>Docente: Teresa Barba&nbsp;&nbsp;&nbsp;&nbsp;&nbsp;&nbsp;&nbsp;&nbsp;&nbsp;&nbsp;&nbsp;&nbsp;&nbsp;&nbsp;&nbsp;&nbsp;&nbsp;&nbsp;&nbsp; Proyecto: Ecominga<\/td><\/tr><tr><td>Docente: Walter Campos&nbsp;&nbsp;&nbsp;&nbsp;&nbsp;&nbsp;&nbsp;&nbsp;&nbsp;&nbsp;&nbsp;&nbsp;&nbsp;&nbsp;&nbsp;&nbsp; Proyecto: Boletin Agrometeorol\u00f3gico<\/td><\/tr><tr><td><strong>PARTICIPANTES<\/strong><\/td><\/tr><tr><td>Alejandra Costas<\/td><\/tr><tr><td>Alex Alcocer<\/td><\/tr><tr><td>Ana Gabriela Coca Acu\u00f1a<\/td><\/tr><tr><td>Andrea Ortiz Vargas<\/td><\/tr><tr><td>Carlos Eduardo Castrillo M\u00e1rquez<\/td><\/tr><tr><td>Dania Melgar Paz<\/td><\/tr><tr><td>Denar Guzm\u00e1n C.<\/td><\/tr><tr><td>Dora Dur\u00e1n<\/td><\/tr><tr><td>Dorys Guti\u00e9rrez Romero<\/td><\/tr><tr><td>Eliana Gonzales Almendras<\/td><\/tr><tr><td>Eduardo Caballero<\/td><\/tr><tr><td>Elizabeth Rodr\u00edguez Zambrana<\/td><\/tr><tr><td>Fernando Viruez Guti\u00e9rrez<\/td><\/tr><tr><td>Gabriela Molina<\/td><\/tr><tr><td>Henry Bloomfield Melgar<\/td><\/tr><tr><td>Jean Carla Zabala Pedraza<\/td><\/tr><tr><td>Jhonatan Olmos<\/td><\/tr><tr><td>Joaqu\u00edn Justiniano<\/td><\/tr><tr><td>Julia Neicy Soto C.<\/td><\/tr><tr><td>Julio C\u00e9sar Avenda\u00f1o Vega<\/td><\/tr><tr><td>Jorge Cadima<\/td><\/tr><tr><td>Karen Nina Su\u00e1rez Vaca<\/td><\/tr><tr><td>Laura Soraya Flores Barrios<\/td><\/tr><tr><td>Laura Viscarra<\/td><\/tr><tr><td>Lauren Rodriguez<\/td><\/tr><tr><td>Leslie Carolina Quiroga Coca<\/td><\/tr><tr><td>Luz Marina Moreno V.<\/td><\/tr><tr><td>Luz Natalia Mercado<\/td><\/tr><tr><td>Margod G\u00f3mez G.<\/td><\/tr><tr><td>Mar\u00eda Fern\u00e1ndez Fern\u00e1ndez<\/td><\/tr><tr><td>Maribel Hurtado Moreno<\/td><\/tr><tr><td>Mariela Barba C.<\/td><\/tr><tr><td>Meison Vera Martinez<\/td><\/tr><tr><td>Miguel \u00c1ngel Vel\u00e1squez<\/td><\/tr><tr><td>Mois\u00e9s Moreno Dorado<\/td><\/tr><tr><td>Rodrigo Cayoga Berna<\/td><\/tr><tr><td>Patricia Justiniano Cruz<\/td><\/tr><tr><td>Romina Akamina<\/td><\/tr><tr><td>Rony Hurtado A\u00f1ez<\/td><\/tr><tr><td>Rosenda Cruz Segovia<\/td><\/tr><tr><td>Sandy Rojas Banegas<\/td><\/tr><tr><td>Silvia Callizaya S.<\/td><\/tr><tr><td>Silvia Santos Garc\u00eda<\/td><\/tr><tr><td>Stefan D. Hurtado<\/td><\/tr><tr><td>Thamara Chuviru Castro<\/td><\/tr><tr><td>Virginia Tejerina Salazar<\/td><\/tr><tr><td>W. Eugenia Melendez O.<\/td><\/tr><tr><td>Ximena Illescas De los R\u00edos<\/td><\/tr><tr><td>Zulema Ch\u00e1vez Coimbra<\/td><\/tr><\/tbody><\/table><\/figure>\n ","protected":false},"excerpt":{"rendered":"<p>Antecedentes En el Departamento de Santa Cruz &nbsp;y en el pa\u00eds se han desarrollado una serie de mega proyectos que est\u00e1n impulsado el crecimiento econ\u00f3mico y en algunos casos problem\u00e1ticas ambientales que es necesario analizar. La frontera agr\u00edcola aument\u00f3 de &hellip; <a href=\"https:\/\/observatorioambientaluagrm.net\/?page_id=6\">Continuar<\/a><\/p>\n","protected":false},"author":4,"featured_media":0,"parent":0,"menu_order":0,"comment_status":"closed","ping_status":"closed","template":"","meta":{"kt_blocks_editor_width":"","footnotes":""},"class_list":["post-6","page","type-page","status-publish","hentry"],"_links":{"self":[{"href":"https:\/\/observatorioambientaluagrm.net\/index.php?rest_route=\/wp\/v2\/pages\/6","targetHints":{"allow":["GET"]}}],"collection":[{"href":"https:\/\/observatorioambientaluagrm.net\/index.php?rest_route=\/wp\/v2\/pages"}],"about":[{"href":"https:\/\/observatorioambientaluagrm.net\/index.php?rest_route=\/wp\/v2\/types\/page"}],"author":[{"embeddable":true,"href":"https:\/\/observatorioambientaluagrm.net\/index.php?rest_route=\/wp\/v2\/users\/4"}],"replies":[{"embeddable":true,"href":"https:\/\/observatorioambientaluagrm.net\/index.php?rest_route=%2Fwp%2Fv2%2Fcomments&post=6"}],"version-history":[{"count":5,"href":"https:\/\/observatorioambientaluagrm.net\/index.php?rest_route=\/wp\/v2\/pages\/6\/revisions"}],"predecessor-version":[{"id":1470,"href":"https:\/\/observatorioambientaluagrm.net\/index.php?rest_route=\/wp\/v2\/pages\/6\/revisions\/1470"}],"wp:attachment":[{"href":"https:\/\/observatorioambientaluagrm.net\/index.php?rest_route=%2Fwp%2Fv2%2Fmedia&parent=6"}],"curies":[{"name":"wp","href":"https:\/\/api.w.org\/{rel}","templated":true}]}}