{"id":829,"date":"2013-07-26T23:01:15","date_gmt":"2013-07-26T23:01:15","guid":{"rendered":"http:\/\/themes.kadencethemes.com\/virtue\/?page_id=45"},"modified":"2026-02-26T20:33:11","modified_gmt":"2026-02-26T20:33:11","slug":"contactos","status":"publish","type":"page","link":"https:\/\/observatorioambientaluagrm.net\/?page_id=829","title":{"rendered":"Contacto"},"content":{"rendered":"<div class=\"space_20 clearfix\"><\/div>\n\n<div class=\"span6\" style=\"text-align: center;\">\n<i class=\"icon-compass\" style=\"font-size:25px; color:#444;\"><\/i>\n<h5 style=\"text-align: center;\">Vis\u00edtenos en:<\/h5>\n<p>Facultad de Ciencias Agr\u00edcola, El Vallecito Km. 9, Santa Cruz de la Sierra, Bolivia<\/p>\n\n<\/div>\n<div class=\"span6\" style=\"text-align: center;\">\n<i class=\"icon-phone\" style=\"font-size:25px; color:#444;\"><\/i>\n<h5 style=\"text-align: center;\">Ll\u00e1menos al:<\/h5>\n<p style=\"text-align: center;\">Nuestro N\u00famero: 591 &#8211; 33442505, Atenci\u00f3n en horario de oficina de 08:00 a 16:00<\/p>\n<\/div>\n<div class=\"space_20 clearfix\"><\/div>\n<div class=\"span6\" style=\"text-align: center;\">\n<i class=\"icon-envelope-alt\" style=\"font-size:25px; color:#444;\"><\/i>\n<h5>E-mail:<\/h5>\n<p><a href=\"mailto:contacto@observatorioambientaluagrm.net\">contacto@observatorioambientaluagrm.net<\/a><\/p>\n<\/div>\n<div class=\"span6\">\n<p style=\"text-align: center;\"><i class=\"icon-globe\" style=\"font-size:25px; color:#444;\"><\/i>\n<h5 style=\"text-align: center;\">Sitio Web:<\/h5>\n<p style=\"text-align: center;\"><a href=\"https:\/\/observatorioambientaluagrm.net\">www.observatorioambientaluagrm.net<\/a><\/p>\n<\/div>\n<div class=\"space_20 clearfix\"><\/div>\n<div class=\"space_20 clearfix\"><\/div>\n<div class=\"span6\">\n<p style=\"text-align: center;\"><i class=\"icon-twitter-sign\" style=\"font-size:25px; color:#444;\"><\/i>\n<h5 style=\"text-align: center;\"><a href=\"https:\/\/twitter.com\/ObsAmbUAGRM\" target=\"_blank\" rel=\"noopener noreferrer\">Twitter<\/a><\/h5>\n<\/div>\n<div class=\"span6\" style=\"text-align: center;\">\n<i class=\"icon-facebook-sign\" style=\"font-size:25px; color:#444;\"><\/i>\n<h5><a href=\"https:\/\/www.facebook.com\/Observatorio-Ambiental-UAGRM-645699718806365\" target=\"_blank\" rel=\"noopener noreferrer\">Facebook<\/a><\/h5>\n<\/div>\n<p style=\"text-align: left;\"><div class=\"space_20 clearfix\"><\/div>\n<p>En el Observatorio Ambiental de la Universidad Aut\u00f3noma Gabriel Ren\u00e9 Moreno tenemos la misi\u00f3n de brindar informaci\u00f3n especializada de la tem\u00e1tica ambiental, si tiene alguna duda, consulta, o comentario, por favor no dude en comunicarse con nosotros, estaremos atentos y dispuestos a colaborarlo, hasta pronto.<\/p>\n ","protected":false},"excerpt":{"rendered":"<p>Vis\u00edtenos en: Facultad de Ciencias Agr\u00edcola, El Vallecito Km. 9, Santa Cruz de la Sierra, Bolivia Ll\u00e1menos al: Nuestro N\u00famero: 591 &#8211; 33442505, Atenci\u00f3n en horario de oficina de 08:00 a 16:00 E-mail: contacto@observatorioambientaluagrm.net Sitio Web: www.observatorioambientaluagrm.net Twitter Facebook En &hellip; <a href=\"https:\/\/observatorioambientaluagrm.net\/?page_id=829\">Continuar<\/a><\/p>\n","protected":false},"author":4,"featured_media":0,"parent":0,"menu_order":0,"comment_status":"open","ping_status":"open","template":"page-contact.php","meta":{"kt_blocks_editor_width":"","footnotes":""},"class_list":["post-829","page","type-page","status-publish","hentry"],"_links":{"self":[{"href":"https:\/\/observatorioambientaluagrm.net\/index.php?rest_route=\/wp\/v2\/pages\/829","targetHints":{"allow":["GET"]}}],"collection":[{"href":"https:\/\/observatorioambientaluagrm.net\/index.php?rest_route=\/wp\/v2\/pages"}],"about":[{"href":"https:\/\/observatorioambientaluagrm.net\/index.php?rest_route=\/wp\/v2\/types\/page"}],"author":[{"embeddable":true,"href":"https:\/\/observatorioambientaluagrm.net\/index.php?rest_route=\/wp\/v2\/users\/4"}],"replies":[{"embeddable":true,"href":"https:\/\/observatorioambientaluagrm.net\/index.php?rest_route=%2Fwp%2Fv2%2Fcomments&post=829"}],"version-history":[{"count":5,"href":"https:\/\/observatorioambientaluagrm.net\/index.php?rest_route=\/wp\/v2\/pages\/829\/revisions"}],"predecessor-version":[{"id":4209,"href":"https:\/\/observatorioambientaluagrm.net\/index.php?rest_route=\/wp\/v2\/pages\/829\/revisions\/4209"}],"wp:attachment":[{"href":"https:\/\/observatorioambientaluagrm.net\/index.php?rest_route=%2Fwp%2Fv2%2Fmedia&parent=829"}],"curies":[{"name":"wp","href":"https:\/\/api.w.org\/{rel}","templated":true}]}}