{"id":969,"date":"2020-10-25T02:16:17","date_gmt":"2020-10-25T02:16:17","guid":{"rendered":"http:\/\/observatorioambientaluagrm.org\/?page_id=969"},"modified":"2020-10-25T02:17:00","modified_gmt":"2020-10-25T02:17:00","slug":"mapas","status":"publish","type":"page","link":"https:\/\/observatorioambientaluagrm.net\/?page_id=969","title":{"rendered":"Mapas"},"content":{"rendered":"\n<ol class=\"wp-block-list\"><li><strong>Gobierno Departamental de Santa Cruz<\/strong><\/li><\/ol>\n\n\n\n<p>Aqu\u00ed presentamos algunos mapas preparados por la Gobernaci\u00f3n en relaci\u00f3n a los recursos naturales.<\/p>\n\n\n\n<p>Ver mapas:<\/p>\n\n\n\n<p><strong>a. Mapa de \u00c1reas Protegidas<\/strong><\/p>\n\n\n\n<p><a href=\"http:\/\/www.santacruz.gob.bo\/turistica\/medioambiente\/recursos\/areasprotegidas\/dptal\/index.php?IdMenu=30002220\">http:\/\/www.santacruz.gob.bo\/turistica\/medioambiente\/recursos\/areasprotegidas\/dptal\/index.php?IdMenu=30002220<\/a><\/p>\n\n\n\n<p><strong>b. Reportes diarios de ocurrencia de quemas<\/strong><\/p>\n\n\n\n<p><a href=\"http:\/\/servicios.santacruz.gov.bo\/forestal\/index.php?option=com_content&amp;task=category\u00a7ionid=4&amp;id=13&amp;Itemid=32\">http:\/\/servicios.santacruz.gov.bo\/forestal\/index.php?option=com_content&amp;task=category\u00a7ionid=4&amp;id=13&amp;Itemid=32<\/a><\/p>\n\n\n\n<p><strong>c. SIGET- SISTEMA DE INFORMACI\u00d3N GEOGRAFICA PREFECTURAL<\/strong><\/p>\n\n\n\n<p><a href=\"http:\/\/www.santacruz.gov.bo\/diortecu\/index.php?option=com_jportfolio&amp;Itemid=71\">http:\/\/www.santacruz.gov.bo\/diortecu\/index.php?option=com_jportfolio&amp;Itemid=71<\/a><\/p>\n\n\n\n<p><strong>2. Focos de Calor&nbsp; Internacional<\/strong><\/p>\n\n\n\n<p>Presentamos la p\u00e1gina preparada por&nbsp; el Centro de Previsi\u00f3n de Tiempo y Estudios Clim\u00e1ticos&nbsp; y el&nbsp; Grupo de Modelagem&nbsp;da Atmosfera e Interafaces.<\/p>\n\n\n\n<p><a href=\"http:\/\/meioambiente.cptec.inpe.br\/\">http:\/\/meioambiente.cptec.inpe.br\/<\/a><\/p>\n\n\n\n<p><strong>3. Incendios: Monitoreo de Fuego- INPE<\/strong><\/p>\n\n\n\n<p>El proyecto \u201cIncendios: Monitoreo de Fuego\u201d del INPE hace disponible datos de quemas para todos los pa\u00edses de la regi\u00f3n con informaci\u00f3n de diferentes sat\u00e9lites. Vean detalles en los links abajo:<\/p>\n\n\n\n<p><a href=\"http:\/\/www.dpi.inpe.br\/proarco\/bdqueimadas\/index.php?LANGUAGE=SP\">http:\/\/www.dpi.inpe.br\/proarco\/bdqueimadas\/index.php?LANGUAGE=SP<\/a><\/p>\n\n\n\n<p><strong>4. Focos de Calor &#8211; Herencia<\/strong><\/p>\n\n\n\n<p>Aqu\u00ed presentamos los focos de calor del norte amaz\u00f3nico boliviano preparado por Herencia.<\/p>\n\n\n\n<p><a href=\"http:\/\/www.herencia.org.bo\/index.php?q=transparencia_forestal\/focos_calor\">http:\/\/www.herencia.org.bo\/index.php?q=transparencia_forestal\/focos_calor<\/a><\/p>\n\n\n\n<p>5<strong>. Proteger Argentina<\/strong><\/p>\n\n\n\n<p>Lanzan Mapa Interactivo sobre Represas y sus Amenazas en la Cuenca Amaz\u00f3nica.&nbsp;&nbsp;El proyecto ha sido desarrollado por la Fundaci\u00f3n PROTEGER de Argentina e International Rivers de Estados Unidos, contando con el apoyo de ECOA, Brasil.<\/p>\n\n\n\n<p><a href=\"http:\/\/www.dams-info.org\/es\" target=\"_blank\" rel=\"noreferrer noopener\">www.dams-info.org\/es<\/a><\/p>\n\n\n\n<p><strong>6. Eco Amazonia (http:\/\/www.oecoamazonia.com\/)<\/strong><\/p>\n\n\n\n<p>desde el a\u00f1o 2009, cuyo objetivo es disponer la regi\u00f3n amaz\u00f3nica con un sitio de noticias especializado que proporciona una visi\u00f3n multi-pa\u00eds y no fragmentada del bioma. Publicado simult\u00e1neamente en Ingl\u00e9s, espa\u00f1ol y portugu\u00e9s, el sitio tiene por objetivo destacar el trabajo realizado por investigadores e instituciones de la Amazon\u00eda, utilizando una innovadora arquitectura digital interactiva. El objetivo principal de este sitio es formar una red de difusi\u00f3n de noticias y puntos de vista sobre los asuntos ambientales de los pa\u00edses amaz\u00f3nicos, principalmente dirigida a otros medios de comunicaci\u00f3n internacionales, lo que permite la difusi\u00f3n de un an\u00e1lisis cr\u00edtico de los que viven y trabajan en la regi\u00f3n.<\/p>\n\n\n\n<p>En los primeros seis meses de funcionamiento, el sitio ha llegado a m\u00e1s de 31.000 visitas de 113 pa\u00edses. Como ejemplo de la eficacia de este sitio, una reportaje especial publicada en el sitio por la fot\u00f3grafa Margi Moss<\/p>\n\n\n\n<p>([LINK: http:\/\/www.oecoamazonia.com\/es\/especiales\/fotografia\/3-majestosos-rios-da-amazonia] con imagenes de los r\u00edos amaz\u00f3nicos ha recibido alrededor de 19 mil visitas en s\u00f3lo 6 meses, llegando a cientos de comentarios.<\/p>\n ","protected":false},"excerpt":{"rendered":"<p>Gobierno Departamental de Santa Cruz Aqu\u00ed presentamos algunos mapas preparados por la Gobernaci\u00f3n en relaci\u00f3n a los recursos naturales. Ver mapas: a. Mapa de \u00c1reas Protegidas http:\/\/www.santacruz.gob.bo\/turistica\/medioambiente\/recursos\/areasprotegidas\/dptal\/index.php?IdMenu=30002220 b. Reportes diarios de ocurrencia de quemas http:\/\/servicios.santacruz.gov.bo\/forestal\/index.php?option=com_content&amp;task=category\u00a7ionid=4&amp;id=13&amp;Itemid=32 c. SIGET- SISTEMA DE INFORMACI\u00d3N &hellip; <a href=\"https:\/\/observatorioambientaluagrm.net\/?page_id=969\">Continuar<\/a><\/p>\n","protected":false},"author":4,"featured_media":0,"parent":0,"menu_order":0,"comment_status":"closed","ping_status":"closed","template":"","meta":{"kt_blocks_editor_width":"","footnotes":""},"class_list":["post-969","page","type-page","status-publish","hentry"],"_links":{"self":[{"href":"https:\/\/observatorioambientaluagrm.net\/index.php?rest_route=\/wp\/v2\/pages\/969","targetHints":{"allow":["GET"]}}],"collection":[{"href":"https:\/\/observatorioambientaluagrm.net\/index.php?rest_route=\/wp\/v2\/pages"}],"about":[{"href":"https:\/\/observatorioambientaluagrm.net\/index.php?rest_route=\/wp\/v2\/types\/page"}],"author":[{"embeddable":true,"href":"https:\/\/observatorioambientaluagrm.net\/index.php?rest_route=\/wp\/v2\/users\/4"}],"replies":[{"embeddable":true,"href":"https:\/\/observatorioambientaluagrm.net\/index.php?rest_route=%2Fwp%2Fv2%2Fcomments&post=969"}],"version-history":[{"count":2,"href":"https:\/\/observatorioambientaluagrm.net\/index.php?rest_route=\/wp\/v2\/pages\/969\/revisions"}],"predecessor-version":[{"id":972,"href":"https:\/\/observatorioambientaluagrm.net\/index.php?rest_route=\/wp\/v2\/pages\/969\/revisions\/972"}],"wp:attachment":[{"href":"https:\/\/observatorioambientaluagrm.net\/index.php?rest_route=%2Fwp%2Fv2%2Fmedia&parent=969"}],"curies":[{"name":"wp","href":"https:\/\/api.w.org\/{rel}","templated":true}]}}